{"id":2,"date":"2023-11-21T08:56:52","date_gmt":"2023-11-21T08:56:52","guid":{"rendered":"https:\/\/smartmotorbikerental.hu\/?page_id=2"},"modified":"2026-02-05T19:49:18","modified_gmt":"2026-02-05T18:49:18","slug":"fooldal","status":"publish","type":"page","link":"https:\/\/smartmotorbikerental.hu\/en\/","title":{"rendered":"Home"},"content":{"rendered":"<div data-elementor-type=\"wp-page\" data-elementor-id=\"2\" class=\"elementor elementor-2\" data-elementor-post-type=\"page\">\n\t\t\t\t\t\t<section class=\"elementor-section elementor-top-section elementor-element elementor-element-56da7a66 elementor-section-boxed elementor-section-height-default elementor-section-height-default\" data-id=\"56da7a66\" data-element_type=\"section\">\n\t\t\t\t\t\t<div class=\"elementor-container elementor-column-gap-default\">\n\t\t\t\t\t<div class=\"elementor-column elementor-col-50 elementor-top-column elementor-element elementor-element-46ece3a4\" data-id=\"46ece3a4\" data-element_type=\"column\">\n\t\t\t<div class=\"elementor-widget-wrap elementor-element-populated\">\n\t\t\t\t\t\t<div class=\"elementor-element elementor-element-57a0a9b elementor-widget__width-initial elementor-view-default elementor-widget elementor-widget-icon\" data-id=\"57a0a9b\" data-element_type=\"widget\" data-widget_type=\"icon.default\">\n\t\t\t\t<div class=\"elementor-widget-container\">\n\t\t\t\t\t\t\t<div class=\"elementor-icon-wrapper\">\n\t\t\t<div class=\"elementor-icon\">\n\t\t\t<svg aria-hidden=\"true\" class=\"e-font-icon-svg e-fas-motorcycle\" viewbox=\"0 0 640 512\" xmlns=\"http:\/\/www.w3.org\/2000\/svg\"><path d=\"M512.9 192c-14.9-.1-29.1 2.3-42.4 6.9L437.6 144H520c13.3 0 24-10.7 24-24V88c0-13.3-10.7-24-24-24h-45.3c-6.8 0-13.3 2.9-17.8 7.9l-37.5 41.7-22.8-38C392.2 68.4 384.4 64 376 64h-80c-8.8 0-16 7.2-16 16v16c0 8.8 7.2 16 16 16h66.4l19.2 32H227.9c-17.7-23.1-44.9-40-99.9-40H72.5C59 104 47.7 115 48 128.5c.2 13 10.9 23.5 24 23.5h56c24.5 0 38.7 10.9 47.8 24.8l-11.3 20.5c-13-3.9-26.9-5.7-41.3-5.2C55.9 194.5 1.6 249.6 0 317c-1.6 72.1 56.3 131 128 131 59.6 0 109.7-40.8 124-96h84.2c13.7 0 24.6-11.4 24-25.1-2.1-47.1 17.5-93.7 56.2-125l12.5 20.8c-27.6 23.7-45.1 58.9-44.8 98.2.5 69.6 57.2 126.5 126.8 127.1 71.6.7 129.8-57.5 129.2-129.1-.7-69.6-57.6-126.4-127.2-126.9zM128 400c-44.1 0-80-35.9-80-80s35.9-80 80-80c4.2 0 8.4.3 12.5 1L99 316.4c-8.8 16 2.8 35.6 21 35.6h81.3c-12.4 28.2-40.6 48-73.3 48zm463.9-75.6c-2.2 40.6-35 73.4-75.5 75.5-46.1 2.5-84.4-34.3-84.4-79.9 0-21.4 8.4-40.8 22.1-55.1l49.4 82.4c4.5 7.6 14.4 10 22 5.5l13.7-8.2c7.6-4.5 10-14.4 5.5-22l-48.6-80.9c5.2-1.1 10.5-1.6 15.9-1.6 45.6-.1 82.3 38.2 79.9 84.3z\"><\/path><\/svg>\t\t\t<\/div>\n\t\t<\/div>\n\t\t\t\t\t\t<\/div>\n\t\t\t\t<\/div>\n\t\t\t\t<div class=\"elementor-element elementor-element-0e15b93 elementor-widget elementor-widget-text-editor\" data-id=\"0e15b93\" data-element_type=\"widget\" data-widget_type=\"text-editor.default\">\n\t\t\t\t<div class=\"elementor-widget-container\">\n\t\t\t\t\t\t\t\t\t<p><span style=\"color: var( --e-global-color-text ); font-family: var( --e-global-typography-text-font-family ), Sans-serif; background-color: var(--base-2);\"><b>Pick up your motorbike when it's convenient for you! Be it 7am or 5pm!<\/b><\/span><\/p>\t\t\t\t\t\t\t\t<\/div>\n\t\t\t\t<\/div>\n\t\t\t\t<div class=\"elementor-element elementor-element-d95042c elementor-widget elementor-widget-image\" data-id=\"d95042c\" data-element_type=\"widget\" data-widget_type=\"image.default\">\n\t\t\t\t<div class=\"elementor-widget-container\">\n\t\t\t\t\t\t\t\t\t\t\t\t\t\t\t<img fetchpriority=\"high\" decoding=\"async\" width=\"1024\" height=\"768\" src=\"https:\/\/smartmotorbikerental.hu\/wp-content\/uploads\/2024\/01\/IMG_4425-1024x768.jpg\" class=\"attachment-large size-large wp-image-334\" alt=\"\" srcset=\"https:\/\/smartmotorbikerental.hu\/wp-content\/uploads\/2024\/01\/IMG_4425-1024x768.jpg 1024w, https:\/\/smartmotorbikerental.hu\/wp-content\/uploads\/2024\/01\/IMG_4425-300x225.jpg 300w, https:\/\/smartmotorbikerental.hu\/wp-content\/uploads\/2024\/01\/IMG_4425-768x576.jpg 768w, https:\/\/smartmotorbikerental.hu\/wp-content\/uploads\/2024\/01\/IMG_4425-1536x1152.jpg 1536w, https:\/\/smartmotorbikerental.hu\/wp-content\/uploads\/2024\/01\/IMG_4425-2048x1536.jpg 2048w\" sizes=\"(max-width: 1024px) 100vw, 1024px\" \/>\t\t\t\t\t\t\t\t\t\t\t\t\t\t\t<\/div>\n\t\t\t\t<\/div>\n\t\t\t\t\t<\/div>\n\t\t<\/div>\n\t\t\t\t<div class=\"elementor-column elementor-col-50 elementor-top-column elementor-element elementor-element-72a5bad0\" data-id=\"72a5bad0\" data-element_type=\"column\">\n\t\t\t<div class=\"elementor-widget-wrap elementor-element-populated\">\n\t\t\t\t\t\t<div class=\"elementor-element elementor-element-1d62249 elementor-widget__width-initial elementor-view-default elementor-widget elementor-widget-icon\" data-id=\"1d62249\" data-element_type=\"widget\" data-widget_type=\"icon.default\">\n\t\t\t\t<div class=\"elementor-widget-container\">\n\t\t\t\t\t\t\t<div class=\"elementor-icon-wrapper\">\n\t\t\t<div class=\"elementor-icon\">\n\t\t\t<svg aria-hidden=\"true\" class=\"e-font-icon-svg e-fas-motorcycle\" viewbox=\"0 0 640 512\" xmlns=\"http:\/\/www.w3.org\/2000\/svg\"><path d=\"M512.9 192c-14.9-.1-29.1 2.3-42.4 6.9L437.6 144H520c13.3 0 24-10.7 24-24V88c0-13.3-10.7-24-24-24h-45.3c-6.8 0-13.3 2.9-17.8 7.9l-37.5 41.7-22.8-38C392.2 68.4 384.4 64 376 64h-80c-8.8 0-16 7.2-16 16v16c0 8.8 7.2 16 16 16h66.4l19.2 32H227.9c-17.7-23.1-44.9-40-99.9-40H72.5C59 104 47.7 115 48 128.5c.2 13 10.9 23.5 24 23.5h56c24.5 0 38.7 10.9 47.8 24.8l-11.3 20.5c-13-3.9-26.9-5.7-41.3-5.2C55.9 194.5 1.6 249.6 0 317c-1.6 72.1 56.3 131 128 131 59.6 0 109.7-40.8 124-96h84.2c13.7 0 24.6-11.4 24-25.1-2.1-47.1 17.5-93.7 56.2-125l12.5 20.8c-27.6 23.7-45.1 58.9-44.8 98.2.5 69.6 57.2 126.5 126.8 127.1 71.6.7 129.8-57.5 129.2-129.1-.7-69.6-57.6-126.4-127.2-126.9zM128 400c-44.1 0-80-35.9-80-80s35.9-80 80-80c4.2 0 8.4.3 12.5 1L99 316.4c-8.8 16 2.8 35.6 21 35.6h81.3c-12.4 28.2-40.6 48-73.3 48zm463.9-75.6c-2.2 40.6-35 73.4-75.5 75.5-46.1 2.5-84.4-34.3-84.4-79.9 0-21.4 8.4-40.8 22.1-55.1l49.4 82.4c4.5 7.6 14.4 10 22 5.5l13.7-8.2c7.6-4.5 10-14.4 5.5-22l-48.6-80.9c5.2-1.1 10.5-1.6 15.9-1.6 45.6-.1 82.3 38.2 79.9 84.3z\"><\/path><\/svg>\t\t\t<\/div>\n\t\t<\/div>\n\t\t\t\t\t\t<\/div>\n\t\t\t\t<\/div>\n\t\t\t\t<div class=\"elementor-element elementor-element-6dda7577 elementor-widget elementor-widget-text-editor\" data-id=\"6dda7577\" data-element_type=\"widget\" data-widget_type=\"text-editor.default\">\n\t\t\t\t<div class=\"elementor-widget-container\">\n\t\t\t\t\t\t\t\t\t<p><b>Rent equipment from us! We are waiting for you with our constantly expanding stock!<\/b><\/p>\t\t\t\t\t\t\t\t<\/div>\n\t\t\t\t<\/div>\n\t\t\t\t<div class=\"elementor-element elementor-element-6b207ad3 elementor-widget elementor-widget-image\" data-id=\"6b207ad3\" data-element_type=\"widget\" data-widget_type=\"image.default\">\n\t\t\t\t<div class=\"elementor-widget-container\">\n\t\t\t\t\t\t\t\t\t\t\t\t\t\t\t<img decoding=\"async\" width=\"1024\" height=\"768\" src=\"https:\/\/smartmotorbikerental.hu\/wp-content\/uploads\/2023\/11\/IMG_20230412_101550-1024x768.jpg\" class=\"attachment-large size-large wp-image-120\" alt=\"\" srcset=\"https:\/\/smartmotorbikerental.hu\/wp-content\/uploads\/2023\/11\/IMG_20230412_101550-1024x768.jpg 1024w, https:\/\/smartmotorbikerental.hu\/wp-content\/uploads\/2023\/11\/IMG_20230412_101550-300x225.jpg 300w, https:\/\/smartmotorbikerental.hu\/wp-content\/uploads\/2023\/11\/IMG_20230412_101550-768x576.jpg 768w, https:\/\/smartmotorbikerental.hu\/wp-content\/uploads\/2023\/11\/IMG_20230412_101550-1536x1152.jpg 1536w, https:\/\/smartmotorbikerental.hu\/wp-content\/uploads\/2023\/11\/IMG_20230412_101550-2048x1536.jpg 2048w\" sizes=\"(max-width: 1024px) 100vw, 1024px\" \/>\t\t\t\t\t\t\t\t\t\t\t\t\t\t\t<\/div>\n\t\t\t\t<\/div>\n\t\t\t\t\t<\/div>\n\t\t<\/div>\n\t\t\t\t\t<\/div>\n\t\t<\/section>\n\t\t<div class=\"elementor-element elementor-element-136692d e-flex e-con-boxed e-con e-parent\" data-id=\"136692d\" data-element_type=\"container\">\n\t\t\t\t\t<div class=\"e-con-inner\">\n\t\t\t\t\t<\/div>\n\t\t\t\t<\/div>\n\t\t<div class=\"elementor-element elementor-element-7824149 e-flex e-con-boxed e-con e-parent\" data-id=\"7824149\" data-element_type=\"container\">\n\t\t\t\t\t<div class=\"e-con-inner\">\n\t\t\t\t\t<\/div>\n\t\t\t\t<\/div>\n\t\t<div class=\"elementor-element elementor-element-9f8f010 e-flex e-con-boxed e-con e-parent\" data-id=\"9f8f010\" data-element_type=\"container\">\n\t\t\t\t\t<div class=\"e-con-inner\">\n\t\t\t\t<div class=\"elementor-element elementor-element-0a3449d elementor--h-position-center elementor--v-position-middle elementor-widget elementor-widget-slides\" data-id=\"0a3449d\" data-element_type=\"widget\" data-settings=\"{&quot;navigation&quot;:&quot;none&quot;,&quot;autoplay_speed&quot;:10,&quot;motion_fx_motion_fx_scrolling&quot;:&quot;yes&quot;,&quot;motion_fx_translateX_effect&quot;:&quot;yes&quot;,&quot;motion_fx_translateX_speed&quot;:{&quot;unit&quot;:&quot;px&quot;,&quot;size&quot;:3.7,&quot;sizes&quot;:[]},&quot;motion_fx_translateX_affectedRange&quot;:{&quot;unit&quot;:&quot;%&quot;,&quot;size&quot;:&quot;&quot;,&quot;sizes&quot;:{&quot;start&quot;:1,&quot;end&quot;:100}},&quot;autoplay&quot;:&quot;yes&quot;,&quot;pause_on_hover&quot;:&quot;yes&quot;,&quot;pause_on_interaction&quot;:&quot;yes&quot;,&quot;infinite&quot;:&quot;yes&quot;,&quot;transition&quot;:&quot;slide&quot;,&quot;transition_speed&quot;:500,&quot;motion_fx_devices&quot;:[&quot;desktop&quot;,&quot;tablet&quot;,&quot;mobile&quot;]}\" data-widget_type=\"slides.default\">\n\t\t\t\t<div class=\"elementor-widget-container\">\n\t\t\t\t\t\t\t<div class=\"elementor-swiper\">\n\t\t\t<div class=\"elementor-slides-wrapper elementor-main-swiper swiper-container\" dir=\"ltr\" data-animation=\"fadeInRight\">\n\t\t\t\t<div class=\"swiper-wrapper elementor-slides\">\n\t\t\t\t\t\t\t\t\t\t<div class=\"elementor-repeater-item-189c713 swiper-slide\"><div class=\"swiper-slide-bg elementor-ken-burns elementor-ken-burns--in\" role=\"img\"><\/div><div class=\"swiper-slide-inner\" ><div class=\"swiper-slide-contents\"><div class=\"elementor-slide-heading\">BMW F900XR<\/div><div  class=\"elementor-button elementor-slide-button elementor-size-sm\">Kattints ide<\/div><\/div><\/div><\/div><div class=\"elementor-repeater-item-21dc27c swiper-slide\"><div class=\"swiper-slide-bg elementor-ken-burns elementor-ken-burns--in\" role=\"img\"><\/div><div class=\"swiper-slide-inner\" ><div class=\"swiper-slide-contents\"><div class=\"elementor-slide-heading\">BMW R1300GS<\/div><div class=\"elementor-slide-description\"> <\/div><div  class=\"elementor-button elementor-slide-button elementor-size-sm\">Kattints ide<\/div><\/div><\/div><\/div><div class=\"elementor-repeater-item-000d572 swiper-slide\"><div class=\"swiper-slide-bg elementor-ken-burns elementor-ken-burns--in\" role=\"img\"><\/div><div class=\"swiper-slide-inner\" ><div class=\"swiper-slide-contents\"><div class=\"elementor-slide-heading\">Kawasaki Ninja  400<\/div><div  class=\"elementor-button elementor-slide-button elementor-size-sm\">Kattints ide<\/div><\/div><\/div><\/div><div class=\"elementor-repeater-item-056627c swiper-slide\"><div class=\"swiper-slide-bg elementor-ken-burns elementor-ken-burns--in\" role=\"img\"><\/div><div class=\"elementor-background-overlay\"><\/div><div class=\"swiper-slide-inner\" ><div class=\"swiper-slide-contents\"><div class=\"elementor-slide-heading\">BMW R1300GS Black<\/div><div  class=\"elementor-button elementor-slide-button elementor-size-sm\">Kattints ide<\/div><\/div><\/div><\/div>\t\t\t\t<\/div>\n\t\t\t\t\t\t\t\t\t\t\t\t\t\t\t\t\t\t\t\t\t<\/div>\n\t\t<\/div>\n\t\t\t\t\t\t<\/div>\n\t\t\t\t<\/div>\n\t\t\t\t\t<\/div>\n\t\t\t\t<\/div>\n\t\t<div class=\"elementor-element elementor-element-9b4e8bc e-flex e-con-boxed e-con e-parent\" data-id=\"9b4e8bc\" data-element_type=\"container\">\n\t\t\t\t\t<div class=\"e-con-inner\">\n\t\t\t\t<div class=\"elementor-element elementor-element-b8838f4 elementor-pagination-type-bullets elementor-arrows-position-inside elementor-pagination-position-outside elementor-widget elementor-widget-loop-carousel\" data-id=\"b8838f4\" data-element_type=\"widget\" data-settings=\"{&quot;offset_sides&quot;:&quot;both&quot;,&quot;offset_width&quot;:{&quot;unit&quot;:&quot;px&quot;,&quot;size&quot;:35,&quot;sizes&quot;:[]},&quot;motion_fx_motion_fx_scrolling&quot;:&quot;yes&quot;,&quot;motion_fx_rotateZ_effect&quot;:&quot;yes&quot;,&quot;template_id&quot;:658,&quot;_skin&quot;:&quot;post&quot;,&quot;slides_to_show&quot;:&quot;3&quot;,&quot;slides_to_show_tablet&quot;:&quot;2&quot;,&quot;slides_to_show_mobile&quot;:&quot;1&quot;,&quot;slides_to_scroll&quot;:&quot;1&quot;,&quot;edit_handle_selector&quot;:&quot;.elementor-widget-container&quot;,&quot;autoplay&quot;:&quot;yes&quot;,&quot;autoplay_speed&quot;:5000,&quot;pause_on_hover&quot;:&quot;yes&quot;,&quot;pause_on_interaction&quot;:&quot;yes&quot;,&quot;infinite&quot;:&quot;yes&quot;,&quot;speed&quot;:500,&quot;offset_width_tablet&quot;:{&quot;unit&quot;:&quot;px&quot;,&quot;size&quot;:&quot;&quot;,&quot;sizes&quot;:[]},&quot;offset_width_mobile&quot;:{&quot;unit&quot;:&quot;px&quot;,&quot;size&quot;:&quot;&quot;,&quot;sizes&quot;:[]},&quot;arrows&quot;:&quot;yes&quot;,&quot;pagination&quot;:&quot;bullets&quot;,&quot;image_spacing_custom&quot;:{&quot;unit&quot;:&quot;px&quot;,&quot;size&quot;:10,&quot;sizes&quot;:[]},&quot;image_spacing_custom_tablet&quot;:{&quot;unit&quot;:&quot;px&quot;,&quot;size&quot;:&quot;&quot;,&quot;sizes&quot;:[]},&quot;image_spacing_custom_mobile&quot;:{&quot;unit&quot;:&quot;px&quot;,&quot;size&quot;:&quot;&quot;,&quot;sizes&quot;:[]},&quot;motion_fx_rotateZ_speed&quot;:{&quot;unit&quot;:&quot;px&quot;,&quot;size&quot;:1,&quot;sizes&quot;:[]},&quot;motion_fx_rotateZ_affectedRange&quot;:{&quot;unit&quot;:&quot;%&quot;,&quot;size&quot;:&quot;&quot;,&quot;sizes&quot;:{&quot;start&quot;:0,&quot;end&quot;:100}},&quot;motion_fx_devices&quot;:[&quot;desktop&quot;,&quot;tablet&quot;,&quot;mobile&quot;]}\" data-widget_type=\"loop-carousel.post\">\n\t\t\t\t<div class=\"elementor-widget-container\">\n\t\t\t\t\t\t\t<div class=\"swiper-container elementor-loop-container elementor-grid\" dir=\"ltr\">\n\t\t\t\t<div class=\"swiper-wrapper\" aria-live=\"off\">\n\t\t<style id=\"loop-658\">.elementor-658 .elementor-element.elementor-element-4b7c03c{--display:flex;--flex-direction:row-reverse;--container-widget-width:initial;--container-widget-height:100%;--container-widget-flex-grow:1;--container-widget-align-self:stretch;--flex-wrap-mobile:wrap-reverse;--flex-wrap:nowrap;}.elementor-658 .elementor-element.elementor-element-4b7c03c.e-con{--flex-grow:0;--flex-shrink:0;}@media(max-width:1024px){.elementor-658 .elementor-element.elementor-element-4b7c03c{--min-height:171px;--justify-content:space-between;}}@media(max-width:767px){.elementor-658 .elementor-element.elementor-element-4b7c03c{--width:1518px;--min-height:261px;}}<\/style>\t\t<div data-elementor-type=\"loop-item\" data-elementor-id=\"658\" class=\"elementor elementor-658 swiper-slide e-loop-item e-loop-item-533 post-533 page type-page status-publish\" data-elementor-post-type=\"elementor_library\" role=\"group\" aria-roledescription=\"slide\" data-custom-edit-handle=\"1\">\n\t\t\t<div class=\"elementor-element elementor-element-4b7c03c e-con-full e-flex e-con e-parent\" data-id=\"4b7c03c\" data-element_type=\"container\" data-settings=\"{&quot;background_background&quot;:&quot;slideshow&quot;,&quot;background_slideshow_gallery&quot;:[{&quot;id&quot;:617,&quot;url&quot;:&quot;https:\\\/\\\/smartmotorbikerental.hu\\\/wp-content\\\/uploads\\\/2025\\\/09\\\/5246d428-2533-4c0b-8966-289596d7bafc.jpeg&quot;},{&quot;id&quot;:651,&quot;url&quot;:&quot;https:\\\/\\\/smartmotorbikerental.hu\\\/wp-content\\\/uploads\\\/2026\\\/01\\\/Photoroom_20260126_165154.jpg&quot;},{&quot;id&quot;:654,&quot;url&quot;:&quot;https:\\\/\\\/smartmotorbikerental.hu\\\/wp-content\\\/uploads\\\/2026\\\/01\\\/IMG_0318-1-scaled.jpg&quot;}],&quot;background_slideshow_slide_transition&quot;:&quot;slide_right&quot;,&quot;background_slideshow_loop&quot;:&quot;yes&quot;,&quot;background_slideshow_slide_duration&quot;:5000,&quot;background_slideshow_transition_duration&quot;:500}\">\n\t\t\t\t<\/div>\n\t\t\t\t<\/div>\n\t\t\t\t<div data-elementor-type=\"loop-item\" data-elementor-id=\"658\" class=\"elementor elementor-658 swiper-slide e-loop-item e-loop-item-179 post-179 page type-page status-publish\" data-elementor-post-type=\"elementor_library\" role=\"group\" aria-roledescription=\"slide\" data-custom-edit-handle=\"1\">\n\t\t\t<div class=\"elementor-element elementor-element-4b7c03c e-con-full e-flex e-con e-parent\" data-id=\"4b7c03c\" data-element_type=\"container\" data-settings=\"{&quot;background_background&quot;:&quot;slideshow&quot;,&quot;background_slideshow_gallery&quot;:[{&quot;id&quot;:617,&quot;url&quot;:&quot;https:\\\/\\\/smartmotorbikerental.hu\\\/wp-content\\\/uploads\\\/2025\\\/09\\\/5246d428-2533-4c0b-8966-289596d7bafc.jpeg&quot;},{&quot;id&quot;:651,&quot;url&quot;:&quot;https:\\\/\\\/smartmotorbikerental.hu\\\/wp-content\\\/uploads\\\/2026\\\/01\\\/Photoroom_20260126_165154.jpg&quot;},{&quot;id&quot;:654,&quot;url&quot;:&quot;https:\\\/\\\/smartmotorbikerental.hu\\\/wp-content\\\/uploads\\\/2026\\\/01\\\/IMG_0318-1-scaled.jpg&quot;}],&quot;background_slideshow_slide_transition&quot;:&quot;slide_right&quot;,&quot;background_slideshow_loop&quot;:&quot;yes&quot;,&quot;background_slideshow_slide_duration&quot;:5000,&quot;background_slideshow_transition_duration&quot;:500}\">\n\t\t\t\t<\/div>\n\t\t\t\t<\/div>\n\t\t\t\t<div data-elementor-type=\"loop-item\" data-elementor-id=\"658\" class=\"elementor elementor-658 swiper-slide e-loop-item e-loop-item-178 post-178 page type-page status-publish\" data-elementor-post-type=\"elementor_library\" role=\"group\" aria-roledescription=\"slide\" data-custom-edit-handle=\"1\">\n\t\t\t<div class=\"elementor-element elementor-element-4b7c03c e-con-full e-flex e-con e-parent\" data-id=\"4b7c03c\" data-element_type=\"container\" data-settings=\"{&quot;background_background&quot;:&quot;slideshow&quot;,&quot;background_slideshow_gallery&quot;:[{&quot;id&quot;:617,&quot;url&quot;:&quot;https:\\\/\\\/smartmotorbikerental.hu\\\/wp-content\\\/uploads\\\/2025\\\/09\\\/5246d428-2533-4c0b-8966-289596d7bafc.jpeg&quot;},{&quot;id&quot;:651,&quot;url&quot;:&quot;https:\\\/\\\/smartmotorbikerental.hu\\\/wp-content\\\/uploads\\\/2026\\\/01\\\/Photoroom_20260126_165154.jpg&quot;},{&quot;id&quot;:654,&quot;url&quot;:&quot;https:\\\/\\\/smartmotorbikerental.hu\\\/wp-content\\\/uploads\\\/2026\\\/01\\\/IMG_0318-1-scaled.jpg&quot;}],&quot;background_slideshow_slide_transition&quot;:&quot;slide_right&quot;,&quot;background_slideshow_loop&quot;:&quot;yes&quot;,&quot;background_slideshow_slide_duration&quot;:5000,&quot;background_slideshow_transition_duration&quot;:500}\">\n\t\t\t\t<\/div>\n\t\t\t\t<\/div>\n\t\t\t\t<div data-elementor-type=\"loop-item\" data-elementor-id=\"658\" class=\"elementor elementor-658 swiper-slide e-loop-item e-loop-item-167 post-167 page type-page status-publish\" data-elementor-post-type=\"elementor_library\" role=\"group\" aria-roledescription=\"slide\" data-custom-edit-handle=\"1\">\n\t\t\t<div class=\"elementor-element elementor-element-4b7c03c e-con-full e-flex e-con e-parent\" data-id=\"4b7c03c\" data-element_type=\"container\" data-settings=\"{&quot;background_background&quot;:&quot;slideshow&quot;,&quot;background_slideshow_gallery&quot;:[{&quot;id&quot;:617,&quot;url&quot;:&quot;https:\\\/\\\/smartmotorbikerental.hu\\\/wp-content\\\/uploads\\\/2025\\\/09\\\/5246d428-2533-4c0b-8966-289596d7bafc.jpeg&quot;},{&quot;id&quot;:651,&quot;url&quot;:&quot;https:\\\/\\\/smartmotorbikerental.hu\\\/wp-content\\\/uploads\\\/2026\\\/01\\\/Photoroom_20260126_165154.jpg&quot;},{&quot;id&quot;:654,&quot;url&quot;:&quot;https:\\\/\\\/smartmotorbikerental.hu\\\/wp-content\\\/uploads\\\/2026\\\/01\\\/IMG_0318-1-scaled.jpg&quot;}],&quot;background_slideshow_slide_transition&quot;:&quot;slide_right&quot;,&quot;background_slideshow_loop&quot;:&quot;yes&quot;,&quot;background_slideshow_slide_duration&quot;:5000,&quot;background_slideshow_transition_duration&quot;:500}\">\n\t\t\t\t<\/div>\n\t\t\t\t<\/div>\n\t\t\t\t<div data-elementor-type=\"loop-item\" data-elementor-id=\"658\" class=\"elementor elementor-658 swiper-slide e-loop-item e-loop-item-112 post-112 page type-page status-publish\" data-elementor-post-type=\"elementor_library\" role=\"group\" aria-roledescription=\"slide\" data-custom-edit-handle=\"1\">\n\t\t\t<div class=\"elementor-element elementor-element-4b7c03c e-con-full e-flex e-con e-parent\" data-id=\"4b7c03c\" data-element_type=\"container\" data-settings=\"{&quot;background_background&quot;:&quot;slideshow&quot;,&quot;background_slideshow_gallery&quot;:[{&quot;id&quot;:617,&quot;url&quot;:&quot;https:\\\/\\\/smartmotorbikerental.hu\\\/wp-content\\\/uploads\\\/2025\\\/09\\\/5246d428-2533-4c0b-8966-289596d7bafc.jpeg&quot;},{&quot;id&quot;:651,&quot;url&quot;:&quot;https:\\\/\\\/smartmotorbikerental.hu\\\/wp-content\\\/uploads\\\/2026\\\/01\\\/Photoroom_20260126_165154.jpg&quot;},{&quot;id&quot;:654,&quot;url&quot;:&quot;https:\\\/\\\/smartmotorbikerental.hu\\\/wp-content\\\/uploads\\\/2026\\\/01\\\/IMG_0318-1-scaled.jpg&quot;}],&quot;background_slideshow_slide_transition&quot;:&quot;slide_right&quot;,&quot;background_slideshow_loop&quot;:&quot;yes&quot;,&quot;background_slideshow_slide_duration&quot;:5000,&quot;background_slideshow_transition_duration&quot;:500}\">\n\t\t\t\t<\/div>\n\t\t\t\t<\/div>\n\t\t\t\t<div data-elementor-type=\"loop-item\" data-elementor-id=\"658\" class=\"elementor elementor-658 swiper-slide e-loop-item e-loop-item-106 post-106 page type-page status-publish\" data-elementor-post-type=\"elementor_library\" role=\"group\" aria-roledescription=\"slide\" data-custom-edit-handle=\"1\">\n\t\t\t<div class=\"elementor-element elementor-element-4b7c03c e-con-full e-flex e-con e-parent\" data-id=\"4b7c03c\" data-element_type=\"container\" data-settings=\"{&quot;background_background&quot;:&quot;slideshow&quot;,&quot;background_slideshow_gallery&quot;:[{&quot;id&quot;:617,&quot;url&quot;:&quot;https:\\\/\\\/smartmotorbikerental.hu\\\/wp-content\\\/uploads\\\/2025\\\/09\\\/5246d428-2533-4c0b-8966-289596d7bafc.jpeg&quot;},{&quot;id&quot;:651,&quot;url&quot;:&quot;https:\\\/\\\/smartmotorbikerental.hu\\\/wp-content\\\/uploads\\\/2026\\\/01\\\/Photoroom_20260126_165154.jpg&quot;},{&quot;id&quot;:654,&quot;url&quot;:&quot;https:\\\/\\\/smartmotorbikerental.hu\\\/wp-content\\\/uploads\\\/2026\\\/01\\\/IMG_0318-1-scaled.jpg&quot;}],&quot;background_slideshow_slide_transition&quot;:&quot;slide_right&quot;,&quot;background_slideshow_loop&quot;:&quot;yes&quot;,&quot;background_slideshow_slide_duration&quot;:5000,&quot;background_slideshow_transition_duration&quot;:500}\">\n\t\t\t\t<\/div>\n\t\t\t\t<\/div>\n\t\t\t\t<\/div>\n\t\t<\/div>\n\t\t\t\t\t<div class=\"elementor-swiper-button elementor-swiper-button-prev\" role=\"button\" tabindex=\"0\">\n\t\t\t\t<svg aria-hidden=\"true\" class=\"e-font-icon-svg e-eicon-chevron-left\" viewbox=\"0 0 1000 1000\" xmlns=\"http:\/\/www.w3.org\/2000\/svg\"><path d=\"M646 125C629 125 613 133 604 142L308 442C296 454 292 471 292 487 292 504 296 521 308 533L604 854C617 867 629 875 646 875 663 875 679 871 692 858 704 846 713 829 713 812 713 796 708 779 692 767L438 487 692 225C700 217 708 204 708 187 708 171 704 154 692 142 675 129 663 125 646 125Z\"><\/path><\/svg>\t\t\t<\/div>\n\t\t\t<div class=\"elementor-swiper-button elementor-swiper-button-next\" role=\"button\" tabindex=\"0\">\n\t\t\t\t<svg aria-hidden=\"true\" class=\"e-font-icon-svg e-eicon-chevron-right\" viewbox=\"0 0 1000 1000\" xmlns=\"http:\/\/www.w3.org\/2000\/svg\"><path d=\"M696 533C708 521 713 504 713 487 713 471 708 454 696 446L400 146C388 133 375 125 354 125 338 125 325 129 313 142 300 154 292 171 292 187 292 204 296 221 308 233L563 492 304 771C292 783 288 800 288 817 288 833 296 850 308 863 321 871 338 875 354 875 371 875 388 867 400 854L696 533Z\"><\/path><\/svg>\t\t\t<\/div>\n\t\t\t\t\t<div class=\"swiper-pagination\"><\/div>\n\t\t\t\t\t\t<\/div>\n\t\t\t\t<\/div>\n\t\t\t\t\t<\/div>\n\t\t\t\t<\/div>\n\t\t\t\t<\/div>","protected":false},"excerpt":{"rendered":"<p>Vedd \u00e1t a motorod, amikor neked k\u00e9nyelmes! Legyen az reggel 7 vagy ak\u00e1r este 5 \u00f3ra! B\u00e9relj n\u00e1lunk felszerel\u00e9st! Folyamatosan b\u0151v\u00fcl\u0151 k\u00e9szlet\u00fcnkkel v\u00e1runk t\u00e9ged! BMW F900XRKattints ideBMW R1300GS Kattints ideKawasaki Ninja 400Kattints ideBMW R1300GS BlackKattints ide<\/p>","protected":false},"author":1,"featured_media":0,"parent":0,"menu_order":0,"comment_status":"closed","ping_status":"closed","template":"","meta":{"_seopress_robots_primary_cat":"","_seopress_titles_title":"","_seopress_titles_desc":"motor b\u00e9rl\u00e9s\r\nmotor k\u00f6lcs\u00f6nz\u00e9s\r\nmotor rental\r\nsmart motor\r\nmotor bike rental\r\n1038 M\u00e1rton k\u00f6z 1\r\nmotorker\u00e9kp\u00e1r-k\u00f6lcs\u00f6nz\u0151","_seopress_robots_index":"","footnotes":""},"class_list":["post-2","page","type-page","status-publish"],"_links":{"self":[{"href":"https:\/\/smartmotorbikerental.hu\/en\/wp-json\/wp\/v2\/pages\/2","targetHints":{"allow":["GET"]}}],"collection":[{"href":"https:\/\/smartmotorbikerental.hu\/en\/wp-json\/wp\/v2\/pages"}],"about":[{"href":"https:\/\/smartmotorbikerental.hu\/en\/wp-json\/wp\/v2\/types\/page"}],"author":[{"embeddable":true,"href":"https:\/\/smartmotorbikerental.hu\/en\/wp-json\/wp\/v2\/users\/1"}],"replies":[{"embeddable":true,"href":"https:\/\/smartmotorbikerental.hu\/en\/wp-json\/wp\/v2\/comments?post=2"}],"version-history":[{"count":141,"href":"https:\/\/smartmotorbikerental.hu\/en\/wp-json\/wp\/v2\/pages\/2\/revisions"}],"predecessor-version":[{"id":667,"href":"https:\/\/smartmotorbikerental.hu\/en\/wp-json\/wp\/v2\/pages\/2\/revisions\/667"}],"wp:attachment":[{"href":"https:\/\/smartmotorbikerental.hu\/en\/wp-json\/wp\/v2\/media?parent=2"}],"curies":[{"name":"wp","href":"https:\/\/api.w.org\/{rel}","templated":true}]}}